{"id":40,"date":"2019-10-08T16:20:36","date_gmt":"2019-10-08T14:20:36","guid":{"rendered":"http:\/\/casablancahotelstudios.com\/?page_id=40"},"modified":"2020-05-06T16:31:48","modified_gmt":"2020-05-06T14:31:48","slug":"aviso-legal","status":"publish","type":"page","link":"https:\/\/casablancahotelstudios.com\/fr\/aviso-legal\/","title":{"rendered":"Aviso Legal"},"content":{"rendered":"\n<p>Casablanca Hotel Studios, provisto con NIF\/CIF 07742394L, direcci\u00f3n Avenida de Madrid n\u00ba 117, 37900 Santa Marta de Tormes, Salamanca,    no    puede asumir    ninguna    responsabilidad    derivada    del    uso incorrecto, inapropiado o il\u00edcito de la informaci\u00f3n aparecida en la p\u00e1gina de Internet de https:\/\/apartahotelcasablanca.com  <\/p>\n\n\n\n<p>Con  los  l\u00edmites  establecidos  en  la  ley,  Casablanca Hotel Studios  no  asume  ninguna  responsabilidad derivada de la falta de veracidad, integridad, actualizaci\u00f3n y precisi\u00f3n de los datos o informaciones que se contienen en sus p\u00e1ginas de Internet.<\/p>\n\n\n\n<p>Los  contenidos  e  informaci\u00f3n  no  vinculan  a  Casablanca Hotel Studios ni  constituyen  opiniones,  consejos  o asesoramiento  legal  de  ning\u00fan  tipo  pues  se  trata  meramente  de  un  servicio  ofrecido  con  car\u00e1cter  informativo  y divulgativo.<\/p>\n\n\n\n<p>La p\u00e1gina de Internet de https:\/\/apartahotelcasablanca.com puede contener enlaces (links) a otras p\u00e1ginas de terceras partes que Casablanca Hotel Studios no puedecontrolar. Por lo tanto, Casablanca Hotel Studios  no  puede  asumir  responsabilidades  por  el  contenido  que  pueda  aparecer  en p\u00e1ginas de terceros. <\/p>\n\n\n\n<p>Los textos, im\u00e1genes, sonidos, animaciones, software y el resto de contenidos incluidos en este website son propiedad exclusiva  de  Casablanca Hotel Studios  o  sus  licenciantes.  Cualquier  acto  de  transmisi\u00f3n,  distribuci\u00f3n, cesi\u00f3n,  reproducci\u00f3n,  almacenamiento  o  comunicaci\u00f3n  p\u00fablica  total  o  parcial,  debe  contar  con  el  consentimiento expreso de Casablanca Hotel Studios <\/p>\n\n\n\n<p>Asimismo, para acceder a algunos de los servicios que  Casablanca Hotel Studios ofrece a trav\u00e9s del website deber\u00e1  proporcionar  algunos  datos  de  car\u00e1cter  personal.  En  cumplimiento  de  lo  establecido  en  el  Reglamento  (UE) 2016\/679 del Parlamento Europeo y del Consejo, de 27 de abril de 2016, relativo a la protecci\u00f3n de las personas f\u00edsicas en  lo  que  respecta  al  tratamiento  de  datos  personales  y  a  la  libre  circulaci\u00f3n  de  estos  datos  le  informamos  que, mediante  la  cumplimentaci\u00f3n  de  los  presentes  formularios,  sus  datos  personales  quedar\u00e1n  incorporados  y  ser\u00e1n tratados en los ficheros de Casablanca Hotel Studios con el fin de poderle prestar y ofrecer nuestros servicios as\u00ed como  para  informarle  de  las  mejoras  del  sitio  Web.  Asimismo,  le informamos  de  la  posibilidad  de  que  ejerza  los derechos de acceso, rectificaci\u00f3n, cancelaci\u00f3n y oposici\u00f3n de sus datos de car\u00e1cter personal, manera gratuita mediante email a https:\/\/apartahotelcasablanca.com o en la direcci\u00f3n Avenida de Madrid n\u00ba 117, 37900 Santa Marta de Tormes, Salamanca<\/p>\n","protected":false},"excerpt":{"rendered":"<p>, provisto con NIF\/CIF , direcci\u00f3n , no puede asumir ninguna responsabilidad derivada del uso incorrecto, inapropiado o il\u00edcito de la informaci\u00f3n aparecida en la p\u00e1gina de Internet de Con los l\u00edmites establecidos en la ley, no asume ninguna responsabilidad derivada de la falta de veracidad, integridad, actualizaci\u00f3n y precisi\u00f3n de los datos o informaciones [&hellip;]<\/p>\n","protected":false},"author":1,"featured_media":0,"parent":0,"menu_order":0,"comment_status":"closed","ping_status":"closed","template":"","meta":{"_acf_changed":false,"footnotes":""},"class_list":["post-40","page","type-page","status-publish","hentry"],"acf":[],"aioseo_notices":[],"_links":{"self":[{"href":"https:\/\/casablancahotelstudios.com\/fr\/wp-json\/wp\/v2\/pages\/40","targetHints":{"allow":["GET"]}}],"collection":[{"href":"https:\/\/casablancahotelstudios.com\/fr\/wp-json\/wp\/v2\/pages"}],"about":[{"href":"https:\/\/casablancahotelstudios.com\/fr\/wp-json\/wp\/v2\/types\/page"}],"author":[{"embeddable":true,"href":"https:\/\/casablancahotelstudios.com\/fr\/wp-json\/wp\/v2\/users\/1"}],"replies":[{"embeddable":true,"href":"https:\/\/casablancahotelstudios.com\/fr\/wp-json\/wp\/v2\/comments?post=40"}],"version-history":[{"count":0,"href":"https:\/\/casablancahotelstudios.com\/fr\/wp-json\/wp\/v2\/pages\/40\/revisions"}],"wp:attachment":[{"href":"https:\/\/casablancahotelstudios.com\/fr\/wp-json\/wp\/v2\/media?parent=40"}],"curies":[{"name":"wp","href":"https:\/\/api.w.org\/{rel}","templated":true}]}}